{"id":141,"date":"2022-05-17T16:16:48","date_gmt":"2022-05-17T14:16:48","guid":{"rendered":"http:\/\/mikawado.com\/?page_id=141"},"modified":"2023-09-18T22:54:40","modified_gmt":"2023-09-18T20:54:40","slug":"monica-pierrel","status":"publish","type":"page","link":"http:\/\/mikawado.com\/index.php\/monica-pierrel\/","title":{"rendered":"Monica Pierrel"},"content":{"rendered":"\n<figure><img loading=\"lazy\" src=\"http:\/\/mikawado.com\/wp-content\/uploads\/2022\/05\/monica-606x1024.jpg\" alt=\"\" width=\"186\" height=\"315\" \/><\/figure>\n\n\n\n<p class=\"has-text-align-center\"><p>Les cours enfants sont dispens\u00e9s par Monica Pierrel, <a href=\"http:\/\/mikawado.com\/wp-content\/uploads\/2022\/05\/IMG20220518134529-scaled.jpg\" target=\"_blank\" rel=\"noreferrer noopener\">3\u00e8me Dan de Karat\u00e9<\/a>.<\/p><\/p>\n\n\n\n<p class=\"has-text-align-center\"><p>Elle d\u00e9bute le karat\u00e9 en 2000 avec J\u00e9r\u00f4me Pousset \u00e0 Vence.<\/p><\/p>\n\n\n\n<p class=\"has-text-align-center\"><p>Apr\u00e8s une pause de 2006 \u00e0 2014, elle reprend les cours sous l&rsquo;enseignement de J\u00e9r\u00f4me et devient son assistante des cours enfants.<\/p><\/p>\n\n\n\n<p class=\"has-text-align-center\"><p>Apr\u00e8s l&rsquo;obtention de sa ceinture noire en 2016, elle obtient le <a href=\"http:\/\/mikawado.com\/wp-content\/uploads\/2022\/05\/daf-mo.png\" target=\"_blank\" rel=\"noreferrer noopener\">Dipl\u00f4me d&rsquo;Assistant F\u00e9d\u00e9ral<\/a> et assure \u00e0 pr\u00e9sent les cours enfants avec passion.<\/p><\/p>\n\n\n\n<p>&nbsp;<\/p>\n","protected":false},"excerpt":{"rendered":"<p>Les cours enfants sont dispens\u00e9s par Monica Pierrel, 3\u00e8me Dan de Karat\u00e9. Elle d\u00e9bute le karat\u00e9 en 2000 avec J\u00e9r\u00f4me Pousset \u00e0 Vence. Apr\u00e8s une pause de 2006 \u00e0 2014, elle reprend les cours sous l&rsquo;enseignement de J\u00e9r\u00f4me et devient son assistante des cours enfants. Apr\u00e8s l&rsquo;obtention de sa ceinture noire en 2016, elle obtient [&hellip;]<\/p>\n","protected":false},"author":1,"featured_media":0,"parent":0,"menu_order":0,"comment_status":"closed","ping_status":"closed","template":"","meta":[],"_links":{"self":[{"href":"http:\/\/mikawado.com\/index.php\/wp-json\/wp\/v2\/pages\/141"}],"collection":[{"href":"http:\/\/mikawado.com\/index.php\/wp-json\/wp\/v2\/pages"}],"about":[{"href":"http:\/\/mikawado.com\/index.php\/wp-json\/wp\/v2\/types\/page"}],"author":[{"embeddable":true,"href":"http:\/\/mikawado.com\/index.php\/wp-json\/wp\/v2\/users\/1"}],"replies":[{"embeddable":true,"href":"http:\/\/mikawado.com\/index.php\/wp-json\/wp\/v2\/comments?post=141"}],"version-history":[{"count":7,"href":"http:\/\/mikawado.com\/index.php\/wp-json\/wp\/v2\/pages\/141\/revisions"}],"predecessor-version":[{"id":315,"href":"http:\/\/mikawado.com\/index.php\/wp-json\/wp\/v2\/pages\/141\/revisions\/315"}],"wp:attachment":[{"href":"http:\/\/mikawado.com\/index.php\/wp-json\/wp\/v2\/media?parent=141"}],"curies":[{"name":"wp","href":"https:\/\/api.w.org\/{rel}","templated":true}]}}